{"id":990,"date":"2023-01-20T11:04:13","date_gmt":"2023-01-20T10:04:13","guid":{"rendered":"https:\/\/www.silver-paradise.cz\/?page_id=990"},"modified":"2023-01-20T11:34:51","modified_gmt":"2023-01-20T10:34:51","slug":"steffi-prodigy-silver-paradise","status":"publish","type":"page","link":"https:\/\/www.silver-paradise.cz\/?page_id=990","title":{"rendered":"Steffi Prodigy Silver Paradise"},"content":{"rendered":"\n<p>Chovn\u00e1 b\u00edl\u00e1 toy fena ze spojen\u00ed: O: Mat\u011bj Adia Avi x M: Nefel\u00e9 Silver Paradise<\/p>\n\n\n\n<p>Nar.: 20.5.2021, 27,5 cm\/29,  all teeth, Patela 0\/0, Pra neg. 2022<\/p>\n\n\n\n<div class=\"wp-block-image\"><figure class=\"alignleft size-medium\"><img loading=\"lazy\" decoding=\"async\" width=\"225\" height=\"300\" src=\"https:\/\/www.silver-paradise.cz\/wp-content\/uploads\/2022\/11\/steffi-225x300.jpg\" alt=\"\" class=\"wp-image-967\" srcset=\"https:\/\/www.silver-paradise.cz\/wp-content\/uploads\/2022\/11\/steffi-225x300.jpg 225w, https:\/\/www.silver-paradise.cz\/wp-content\/uploads\/2022\/11\/steffi.jpg 480w\" sizes=\"(max-width: 225px) 100vw, 225px\" \/><\/figure><\/div>\n\n\n\n<div class=\"wp-block-image\"><figure class=\"alignleft size-medium\"><img loading=\"lazy\" decoding=\"async\" width=\"300\" height=\"200\" src=\"https:\/\/www.silver-paradise.cz\/wp-content\/uploads\/2022\/04\/DSC7861-2-300x200.jpg\" alt=\"\" class=\"wp-image-945\" srcset=\"https:\/\/www.silver-paradise.cz\/wp-content\/uploads\/2022\/04\/DSC7861-2-300x200.jpg 300w, https:\/\/www.silver-paradise.cz\/wp-content\/uploads\/2022\/04\/DSC7861-2-768x512.jpg 768w, https:\/\/www.silver-paradise.cz\/wp-content\/uploads\/2022\/04\/DSC7861-2.jpg 800w\" sizes=\"(max-width: 300px) 100vw, 300px\" \/><\/figure><\/div>\n","protected":false},"excerpt":{"rendered":"<p>Chovn\u00e1 b\u00edl\u00e1 toy fena ze&#46;&#46;&#46;<\/p>\n","protected":false},"author":1,"featured_media":0,"parent":0,"menu_order":0,"comment_status":"closed","ping_status":"closed","template":"","meta":{"ngg_post_thumbnail":0,"footnotes":""},"_links":{"self":[{"href":"https:\/\/www.silver-paradise.cz\/index.php?rest_route=\/wp\/v2\/pages\/990"}],"collection":[{"href":"https:\/\/www.silver-paradise.cz\/index.php?rest_route=\/wp\/v2\/pages"}],"about":[{"href":"https:\/\/www.silver-paradise.cz\/index.php?rest_route=\/wp\/v2\/types\/page"}],"author":[{"embeddable":true,"href":"https:\/\/www.silver-paradise.cz\/index.php?rest_route=\/wp\/v2\/users\/1"}],"replies":[{"embeddable":true,"href":"https:\/\/www.silver-paradise.cz\/index.php?rest_route=%2Fwp%2Fv2%2Fcomments&post=990"}],"version-history":[{"count":2,"href":"https:\/\/www.silver-paradise.cz\/index.php?rest_route=\/wp\/v2\/pages\/990\/revisions"}],"predecessor-version":[{"id":992,"href":"https:\/\/www.silver-paradise.cz\/index.php?rest_route=\/wp\/v2\/pages\/990\/revisions\/992"}],"wp:attachment":[{"href":"https:\/\/www.silver-paradise.cz\/index.php?rest_route=%2Fwp%2Fv2%2Fmedia&parent=990"}],"curies":[{"name":"wp","href":"https:\/\/api.w.org\/{rel}","templated":true}]}}