{"id":162,"date":"2017-02-23T19:08:17","date_gmt":"2017-02-23T18:08:17","guid":{"rendered":"http:\/\/150176.w76.wedos.ws\/?page_id=162"},"modified":"2021-04-26T11:05:03","modified_gmt":"2021-04-26T09:05:03","slug":"kremaux-silver-paradise-trpaslici-stribrna","status":"publish","type":"page","link":"https:\/\/www.silver-paradise.cz\/?page_id=162","title":{"rendered":"Kremaux Silver Paradise"},"content":{"rendered":"<h3>Narozena: 4.4.2013<\/h3>\n<p>St\u0159\u00edbrn\u00e1 trpasli\u010d\u00ed fena, nyn\u00ed ji\u017e veter\u00e1nka.<\/p>\n<p>Height: 30,5cm (size dwarf), all teeht, patela 0\/0, gen.Pra Prcd A<\/p>\n<p>Sire: Charles Prince Silver Paradise 30,5 cm , silver, patela 0\/0<\/p>\n<p>Dam: CH CZ, SK Bambucca Silver Star Marky 30cm, silver, patela 0\/0<\/p>\n<p>V\u00fdstavy (Shows): CH CZ, 6xBOB, 2x BOS, 5x CACIB, 17 CAC, CH KCHP, EDS Brussels 2016 V1, INTERCHAMPION<\/p>\n<p><img loading=\"lazy\" decoding=\"async\" class=\"alignnone size-medium wp-image-242\" src=\"http:\/\/150176.w76.wedos.ws\/wp-content\/uploads\/2017\/11\/IMG_1383-300x225.jpg\" alt=\"\" width=\"300\" height=\"225\" srcset=\"https:\/\/www.silver-paradise.cz\/wp-content\/uploads\/2017\/11\/IMG_1383-300x225.jpg 300w, https:\/\/www.silver-paradise.cz\/wp-content\/uploads\/2017\/11\/IMG_1383-768x577.jpg 768w, https:\/\/www.silver-paradise.cz\/wp-content\/uploads\/2017\/11\/IMG_1383.jpg 1024w\" sizes=\"(max-width: 300px) 100vw, 300px\" \/><\/p>\n<p><img loading=\"lazy\" decoding=\"async\" class=\"alignnone wp-image-168 size-medium\" src=\"http:\/\/150176.w76.wedos.ws\/wp-content\/uploads\/2017\/02\/DSC_0016-200x300.jpg\" width=\"200\" height=\"300\" srcset=\"https:\/\/www.silver-paradise.cz\/wp-content\/uploads\/2017\/02\/DSC_0016-200x300.jpg 200w, https:\/\/www.silver-paradise.cz\/wp-content\/uploads\/2017\/02\/DSC_0016.jpg 683w\" sizes=\"(max-width: 200px) 100vw, 200px\" \/> <img loading=\"lazy\" decoding=\"async\" class=\"alignnone wp-image-152 size-medium\" src=\"http:\/\/150176.w76.wedos.ws\/wp-content\/uploads\/2017\/02\/IMG_1258-1-200x300.jpg\" width=\"200\" height=\"300\" srcset=\"https:\/\/www.silver-paradise.cz\/wp-content\/uploads\/2017\/02\/IMG_1258-1-200x300.jpg 200w, https:\/\/www.silver-paradise.cz\/wp-content\/uploads\/2017\/02\/IMG_1258-1-768x1152.jpg 768w, https:\/\/www.silver-paradise.cz\/wp-content\/uploads\/2017\/02\/IMG_1258-1-683x1024.jpg 683w, https:\/\/www.silver-paradise.cz\/wp-content\/uploads\/2017\/02\/IMG_1258-1-1200x1800.jpg 1200w, https:\/\/www.silver-paradise.cz\/wp-content\/uploads\/2017\/02\/IMG_1258-1.jpg 1728w\" sizes=\"(max-width: 200px) 100vw, 200px\" \/><img loading=\"lazy\" decoding=\"async\" class=\"alignnone wp-image-165 size-medium\" src=\"http:\/\/150176.w76.wedos.ws\/wp-content\/uploads\/2017\/02\/kremaux1-2-182x300.jpg\" width=\"182\" height=\"300\" srcset=\"https:\/\/www.silver-paradise.cz\/wp-content\/uploads\/2017\/02\/kremaux1-2-182x300.jpg 182w, https:\/\/www.silver-paradise.cz\/wp-content\/uploads\/2017\/02\/kremaux1-2.jpg 577w\" sizes=\"(max-width: 182px) 100vw, 182px\" \/>&nbsp;&nbsp;<img loading=\"lazy\" decoding=\"async\" class=\"alignnone wp-image-164 size-medium\" src=\"http:\/\/150176.w76.wedos.ws\/wp-content\/uploads\/2017\/02\/Krem-243x300.jpg\" width=\"243\" height=\"300\" srcset=\"https:\/\/www.silver-paradise.cz\/wp-content\/uploads\/2017\/02\/Krem-243x300.jpg 243w, https:\/\/www.silver-paradise.cz\/wp-content\/uploads\/2017\/02\/Krem.jpg 683w\" sizes=\"(max-width: 243px) 100vw, 243px\" \/> &nbsp;&nbsp;<img loading=\"lazy\" decoding=\"async\" class=\"alignnone wp-image-163 size-medium\" src=\"http:\/\/150176.w76.wedos.ws\/wp-content\/uploads\/2017\/02\/copak-pane-rozhod\u010d\u00ed-200x300.jpg\" width=\"200\" height=\"300\" srcset=\"https:\/\/www.silver-paradise.cz\/wp-content\/uploads\/2017\/02\/copak-pane-rozhod\u010d\u00ed-200x300.jpg 200w, https:\/\/www.silver-paradise.cz\/wp-content\/uploads\/2017\/02\/copak-pane-rozhod\u010d\u00ed.jpg 683w\" sizes=\"(max-width: 200px) 100vw, 200px\" \/><\/p>\n<p>&nbsp;<\/p>\n","protected":false},"excerpt":{"rendered":"<p>Narozena: 4.4.2013 St\u0159\u00edbrn\u00e1 trpasli\u010d\u00ed fena,&#46;&#46;&#46;<\/p>\n","protected":false},"author":1,"featured_media":0,"parent":0,"menu_order":0,"comment_status":"closed","ping_status":"closed","template":"","meta":{"ngg_post_thumbnail":0,"footnotes":""},"_links":{"self":[{"href":"https:\/\/www.silver-paradise.cz\/index.php?rest_route=\/wp\/v2\/pages\/162"}],"collection":[{"href":"https:\/\/www.silver-paradise.cz\/index.php?rest_route=\/wp\/v2\/pages"}],"about":[{"href":"https:\/\/www.silver-paradise.cz\/index.php?rest_route=\/wp\/v2\/types\/page"}],"author":[{"embeddable":true,"href":"https:\/\/www.silver-paradise.cz\/index.php?rest_route=\/wp\/v2\/users\/1"}],"replies":[{"embeddable":true,"href":"https:\/\/www.silver-paradise.cz\/index.php?rest_route=%2Fwp%2Fv2%2Fcomments&post=162"}],"version-history":[{"count":7,"href":"https:\/\/www.silver-paradise.cz\/index.php?rest_route=\/wp\/v2\/pages\/162\/revisions"}],"predecessor-version":[{"id":830,"href":"https:\/\/www.silver-paradise.cz\/index.php?rest_route=\/wp\/v2\/pages\/162\/revisions\/830"}],"wp:attachment":[{"href":"https:\/\/www.silver-paradise.cz\/index.php?rest_route=%2Fwp%2Fv2%2Fmedia&parent=162"}],"curies":[{"name":"wp","href":"https:\/\/api.w.org\/{rel}","templated":true}]}}