{"id":146,"date":"2017-02-22T11:23:52","date_gmt":"2017-02-22T10:23:52","guid":{"rendered":"http:\/\/150176.w76.wedos.ws\/?page_id=146"},"modified":"2021-02-20T23:05:31","modified_gmt":"2021-02-20T22:05:31","slug":"pudl-toy-stribrny","status":"publish","type":"page","link":"https:\/\/www.silver-paradise.cz\/?page_id=146","title":{"rendered":"Crusea\u00b4s Zilver Zabrina &#8211; toy st\u0159\u00edbrn\u00fd"},"content":{"rendered":"<h2><span style=\"color: #ff0000;\"><strong>Silver toy female&nbsp; &nbsp; &nbsp; &nbsp; &nbsp; Crusea\u00b4s Zilver Zabrina<\/strong><\/span><\/h2>\n<p>Born: 8.9.2015 in Sweden, breeder Anette Sandberg.<\/p>\n<p>H\/L: 27cm\/28,5, all teeth<\/p>\n<p>Sir: Ideborgens Spencer Jr. Seeker<\/p>\n<p>Dam: Crusea\u00b4s Party Princess<\/p>\nngg_shortcode_0_placeholder\n<p>&nbsp;<\/p>\n","protected":false},"excerpt":{"rendered":"<p>Silver toy female&nbsp; &nbsp; &nbsp;&#46;&#46;&#46;<\/p>\n","protected":false},"author":1,"featured_media":0,"parent":0,"menu_order":0,"comment_status":"closed","ping_status":"closed","template":"","meta":{"ngg_post_thumbnail":0,"footnotes":""},"_links":{"self":[{"href":"https:\/\/www.silver-paradise.cz\/index.php?rest_route=\/wp\/v2\/pages\/146"}],"collection":[{"href":"https:\/\/www.silver-paradise.cz\/index.php?rest_route=\/wp\/v2\/pages"}],"about":[{"href":"https:\/\/www.silver-paradise.cz\/index.php?rest_route=\/wp\/v2\/types\/page"}],"author":[{"embeddable":true,"href":"https:\/\/www.silver-paradise.cz\/index.php?rest_route=\/wp\/v2\/users\/1"}],"replies":[{"embeddable":true,"href":"https:\/\/www.silver-paradise.cz\/index.php?rest_route=%2Fwp%2Fv2%2Fcomments&post=146"}],"version-history":[{"count":4,"href":"https:\/\/www.silver-paradise.cz\/index.php?rest_route=\/wp\/v2\/pages\/146\/revisions"}],"predecessor-version":[{"id":556,"href":"https:\/\/www.silver-paradise.cz\/index.php?rest_route=\/wp\/v2\/pages\/146\/revisions\/556"}],"wp:attachment":[{"href":"https:\/\/www.silver-paradise.cz\/index.php?rest_route=%2Fwp%2Fv2%2Fmedia&parent=146"}],"curies":[{"name":"wp","href":"https:\/\/api.w.org\/{rel}","templated":true}]}}